{"id":15392,"date":"2022-07-02T07:27:20","date_gmt":"2022-07-02T07:27:20","guid":{"rendered":"https:\/\/eduma.thimpress.com\/?page_id=15392"},"modified":"2025-11-27T21:05:40","modified_gmt":"2025-11-27T21:05:40","slug":"demo-coursera","status":"publish","type":"page","link":"https:\/\/elhorneromaterialesrojas.com\/escuela\/","title":{"rendered":"Demo Coursera"},"content":{"rendered":"\t\t<div data-elementor-type=\"wp-page\" data-elementor-id=\"15392\" class=\"elementor elementor-15392\">\n\t\t\t\t\t\t<section class=\"elementor-section elementor-top-section elementor-element elementor-element-f96b36c elementor-section-stretched elementor-section-boxed elementor-section-height-default elementor-section-height-default\" data-id=\"f96b36c\" data-element_type=\"section\" data-settings=\"{&quot;stretch_section&quot;:&quot;section-stretched&quot;,&quot;background_background&quot;:&quot;classic&quot;}\">\n\t\t\t\t\t\t\t<div class=\"elementor-background-overlay\"><\/div>\n\t\t\t\t\t\t\t<div class=\"elementor-container elementor-column-gap-custom\">\n\t\t\t\t\t<div class=\"elementor-column elementor-col-100 elementor-top-column elementor-element elementor-element-06b38c4\" data-id=\"06b38c4\" data-element_type=\"column\">\n\t\t\t<div class=\"elementor-widget-wrap elementor-element-populated\">\n\t\t\t\t\t\t<div class=\"elementor-element elementor-element-d87d986 elementor-widget elementor-widget-heading\" data-id=\"d87d986\" data-element_type=\"widget\" data-widget_type=\"heading.default\">\n\t\t\t\t\t<h1 class=\"elementor-heading-title elementor-size-default\">Academia El Hornero<\/h1>\t\t\t\t<\/div>\n\t\t\t\t<div class=\"elementor-element elementor-element-0d0afdc elementor-widget elementor-widget-heading\" data-id=\"0d0afdc\" data-element_type=\"widget\" data-widget_type=\"heading.default\">\n\t\t\t\t\t<h2 class=\"elementor-heading-title elementor-size-default\">Cursos pr\u00e1cticos para construir mejor<\/h2>\t\t\t\t<\/div>\n\t\t\t\t<div class=\"elementor-element elementor-element-c5ca71c elementor-widget thim-widget-button\" data-id=\"c5ca71c\" data-element_type=\"widget\" data-widget_type=\"thim-button.default\">\n\t\t\t\t<div class=\"elementor-widget-container\">\n\t\t\t\t\t<a class=\"widget-button medium\" href=\"#https:\/\/elhorneromaterialesrojas.com\/escuela\/cursos\/\">Ver Cursos Disponibles<\/a>\t\t\t\t<\/div>\n\t\t\t\t<\/div>\n\t\t\t\t\t<\/div>\n\t\t<\/div>\n\t\t\t\t\t<\/div>\n\t\t<\/section>\n\t\t\t\t<section class=\"elementor-section elementor-top-section elementor-element elementor-element-cb8b065 elementor-section-stretched elementor-section-boxed elementor-section-height-default elementor-section-height-default\" data-id=\"cb8b065\" data-element_type=\"section\" data-settings=\"{&quot;stretch_section&quot;:&quot;section-stretched&quot;}\">\n\t\t\t\t\t\t<div class=\"elementor-container elementor-column-gap-custom\">\n\t\t\t\t\t<div class=\"elementor-column elementor-col-100 elementor-top-column elementor-element elementor-element-1d2e7e0\" data-id=\"1d2e7e0\" data-element_type=\"column\">\n\t\t\t<div class=\"elementor-widget-wrap elementor-element-populated\">\n\t\t\t\t\t\t<div class=\"elementor-element elementor-element-494c7d3 thim-ekits-heading-text-center elementor-widget thim-ekits-heading elementor-widget-thim-heading\" data-id=\"494c7d3\" data-element_type=\"widget\" data-widget_type=\"thim-heading.default\">\n\t\t\t\t<div class=\"elementor-widget-container\">\n\t\t\t\t\t<div class=\"sc_heading text-center\"><h2 class=\"title\">NUESTROS CURSOS <\/h2><\/div>\t\t\t\t<\/div>\n\t\t\t\t<\/div>\n\t\t\t\t<div class=\"elementor-element elementor-element-3fba17a thim-ekits-avatar-position-top elementor-widget elementor-widget-thim-ekits-list-course\" data-id=\"3fba17a\" data-element_type=\"widget\" data-settings=\"{&quot;slider_show_pagination&quot;:&quot;number&quot;,&quot;column_gap&quot;:{&quot;unit&quot;:&quot;px&quot;,&quot;size&quot;:30,&quot;sizes&quot;:[]},&quot;column_gap_tablet&quot;:{&quot;unit&quot;:&quot;px&quot;,&quot;size&quot;:&quot;&quot;,&quot;sizes&quot;:[]},&quot;column_gap_mobile&quot;:{&quot;unit&quot;:&quot;px&quot;,&quot;size&quot;:&quot;&quot;,&quot;sizes&quot;:[]},&quot;slidesPerView&quot;:3,&quot;slidesPerView_mobile&quot;:&quot;2&quot;,&quot;slidesPerGroup&quot;:3,&quot;spaceBetween&quot;:30,&quot;spaceBetween_mobile&quot;:&quot;15&quot;,&quot;slider_speed&quot;:1000,&quot;slider_autoplay&quot;:&quot;yes&quot;,&quot;autoplay_speed&quot;:1000,&quot;pause_on_interaction&quot;:&quot;yes&quot;,&quot;pause_on_hover&quot;:&quot;yes&quot;}\" data-widget_type=\"thim-ekits-list-course.default\">\n\t\t\t\t<div class=\"elementor-widget-container\">\n\t\t\t\t\t\t\t\t<div\n\t\t\t\tclass=\"thim-slider-pagination thim-number\"><\/div>\n\t\t\n\t\t\t\t\t\t<div class=\"thim-ekits-course learn-press-courses thim-ekits-sliders swiper-container\" data-layout=\"grid\">\n\t\t\t\t\t<div class=\"swiper-wrapper\">\n\t\t\t\t\t\t\t\t<div class=\"thim-ekits-course__item swiper-slide post-31 lp_course type-lp_course status-publish has-post-thumbnail hentry course\">\n\t\t\t\n\t\t\t\t\t\t<div class=\"thim-ekits-course__thumbnail\">\n\t\t\t<a href=\"https:\/\/elhorneromaterialesrojas.com\/escuela\/courses\/revestimientos-guia-general-para-empezar\/\" \t\t\t   class=\"course-thumbnail\">\n\t\t\t\t<img decoding=\"async\" width=\"300\" height=\"143\" src=\"https:\/\/elhorneromaterialesrojas.com\/escuela\/wp-content\/uploads\/2025\/11\/Agregar-un-titulo-300x143.png\" class=\"attachment-medium size-medium wp-image-18810\" alt=\"\" srcset=\"https:\/\/elhorneromaterialesrojas.com\/escuela\/wp-content\/uploads\/2025\/11\/Agregar-un-titulo-300x143.png 300w, https:\/\/elhorneromaterialesrojas.com\/escuela\/wp-content\/uploads\/2025\/11\/Agregar-un-titulo-1024x488.png 1024w, https:\/\/elhorneromaterialesrojas.com\/escuela\/wp-content\/uploads\/2025\/11\/Agregar-un-titulo-768x366.png 768w, https:\/\/elhorneromaterialesrojas.com\/escuela\/wp-content\/uploads\/2025\/11\/Agregar-un-titulo-600x286.png 600w, https:\/\/elhorneromaterialesrojas.com\/escuela\/wp-content\/uploads\/2025\/11\/Agregar-un-titulo.png 1050w\" sizes=\"(max-width: 300px) 100vw, 300px\" \/>\t\t\t<\/a>\n\t\t\t\t\t<\/div>\n\t\t\n\t\t\t\t\t\t<div class=\"thim-ekits-course__content\">\n\t\t\t\t<h3 class=\"thim-ekits-course__title\">\n\t\t<a href=\"https:\/\/elhorneromaterialesrojas.com\/escuela\/courses\/revestimientos-guia-general-para-empezar\/\" ><span class='course-title'>Revestimientos: Gu\u00eda General para Empezar<\/span><\/a>\t\t<\/h3>\n\t\t\t\t<div class=\"thim-ekits-course__excerpt\">\n\t\t\tBienvenido\/a a Hornero Academy, la escuela donde vas a aprender, de forma simple y pr\u00e1ctica, todo lo que necesit\u00e1s saber antes de encarar una obra,...\t\t<\/div>\n\t\t\t\t<a class=\"thim-ekits-course__read-more\"\n\t\t   href=\"https:\/\/elhorneromaterialesrojas.com\/escuela\/courses\/revestimientos-guia-general-para-empezar\/\" >\n\t\t\tLeer m\u00e1s\t\t<\/a>\n\t\t\t\t<\/div>\n\t\t\n\t\t\t\n\t\t<\/div>\n\t\t\t\t<div class=\"thim-ekits-course__item swiper-slide post-81 lp_course type-lp_course status-publish has-post-thumbnail hentry course\">\n\t\t\t\n\t\t\t\t\t\t<div class=\"thim-ekits-course__thumbnail\">\n\t\t\t<a href=\"https:\/\/elhorneromaterialesrojas.com\/escuela\/courses\/guia-completa-de-porcelanatos\/\" \t\t\t   class=\"course-thumbnail\">\n\t\t\t\t<img decoding=\"async\" width=\"300\" height=\"143\" src=\"https:\/\/elhorneromaterialesrojas.com\/escuela\/wp-content\/uploads\/2025\/11\/Agregar-un-titulo-1-300x143.png\" class=\"attachment-medium size-medium wp-image-18813\" alt=\"\" srcset=\"https:\/\/elhorneromaterialesrojas.com\/escuela\/wp-content\/uploads\/2025\/11\/Agregar-un-titulo-1-300x143.png 300w, https:\/\/elhorneromaterialesrojas.com\/escuela\/wp-content\/uploads\/2025\/11\/Agregar-un-titulo-1-1024x488.png 1024w, https:\/\/elhorneromaterialesrojas.com\/escuela\/wp-content\/uploads\/2025\/11\/Agregar-un-titulo-1-768x366.png 768w, https:\/\/elhorneromaterialesrojas.com\/escuela\/wp-content\/uploads\/2025\/11\/Agregar-un-titulo-1-600x286.png 600w, https:\/\/elhorneromaterialesrojas.com\/escuela\/wp-content\/uploads\/2025\/11\/Agregar-un-titulo-1.png 1050w\" sizes=\"(max-width: 300px) 100vw, 300px\" \/>\t\t\t<\/a>\n\t\t\t\t\t<\/div>\n\t\t\n\t\t\t\t\t\t<div class=\"thim-ekits-course__content\">\n\t\t\t\t<h3 class=\"thim-ekits-course__title\">\n\t\t<a href=\"https:\/\/elhorneromaterialesrojas.com\/escuela\/courses\/guia-completa-de-porcelanatos\/\" ><span class='course-title'>Gu\u00eda Completa de Porcelanatos<\/span><\/a>\t\t<\/h3>\n\t\t\t\t<div class=\"thim-ekits-course__excerpt\">\n\t\t\tBienvenido al Curso 2 de Hornero Academy: Porcelanatos.Si hiciste el primer curso, ya entend\u00e9s el mundo de los revestimientos en general.Ahora vamos a profundizar en...\t\t<\/div>\n\t\t\t\t<a class=\"thim-ekits-course__read-more\"\n\t\t   href=\"https:\/\/elhorneromaterialesrojas.com\/escuela\/courses\/guia-completa-de-porcelanatos\/\" >\n\t\t\tLeer m\u00e1s\t\t<\/a>\n\t\t\t\t<\/div>\n\t\t\n\t\t\t\n\t\t<\/div>\n\t\t\t\t<div class=\"thim-ekits-course__item swiper-slide post-105 lp_course type-lp_course status-publish has-post-thumbnail hentry course\">\n\t\t\t\n\t\t\t\t\t\t<div class=\"thim-ekits-course__thumbnail\">\n\t\t\t<a href=\"https:\/\/elhorneromaterialesrojas.com\/escuela\/courses\/guia-completa-de-ceramicas\/\" \t\t\t   class=\"course-thumbnail\">\n\t\t\t\t<img decoding=\"async\" width=\"300\" height=\"143\" src=\"https:\/\/elhorneromaterialesrojas.com\/escuela\/wp-content\/uploads\/2025\/11\/Agregar-un-titulo-2-300x143.png\" class=\"attachment-medium size-medium wp-image-18982\" alt=\"\" srcset=\"https:\/\/elhorneromaterialesrojas.com\/escuela\/wp-content\/uploads\/2025\/11\/Agregar-un-titulo-2-300x143.png 300w, https:\/\/elhorneromaterialesrojas.com\/escuela\/wp-content\/uploads\/2025\/11\/Agregar-un-titulo-2-1024x488.png 1024w, https:\/\/elhorneromaterialesrojas.com\/escuela\/wp-content\/uploads\/2025\/11\/Agregar-un-titulo-2-768x366.png 768w, https:\/\/elhorneromaterialesrojas.com\/escuela\/wp-content\/uploads\/2025\/11\/Agregar-un-titulo-2-600x286.png 600w, https:\/\/elhorneromaterialesrojas.com\/escuela\/wp-content\/uploads\/2025\/11\/Agregar-un-titulo-2.png 1050w\" sizes=\"(max-width: 300px) 100vw, 300px\" \/>\t\t\t<\/a>\n\t\t\t\t\t<\/div>\n\t\t\n\t\t\t\t\t\t<div class=\"thim-ekits-course__content\">\n\t\t\t\t<h3 class=\"thim-ekits-course__title\">\n\t\t<a href=\"https:\/\/elhorneromaterialesrojas.com\/escuela\/courses\/guia-completa-de-ceramicas\/\" ><span class='course-title'>Cer\u00e1micas: c\u00f3mo elegirlas, usarlas y aprovechar su precio<\/span><\/a>\t\t<\/h3>\n\t\t\t\t<div class=\"thim-ekits-course__excerpt\">\n\t\t\tLas cer\u00e1micas y los azulejos son, desde hace a\u00f1os, uno de los revestimientos m\u00e1s usados en ba\u00f1os, cocinas y muchos otros ambientes.Son m\u00e1s accesibles que...\t\t<\/div>\n\t\t\t\t<a class=\"thim-ekits-course__read-more\"\n\t\t   href=\"https:\/\/elhorneromaterialesrojas.com\/escuela\/courses\/guia-completa-de-ceramicas\/\" >\n\t\t\tLeer m\u00e1s\t\t<\/a>\n\t\t\t\t<\/div>\n\t\t\n\t\t\t\n\t\t<\/div>\n\t\t\t\t<div class=\"thim-ekits-course__item swiper-slide post-19124 lp_course type-lp_course status-publish has-post-thumbnail hentry course\">\n\t\t\t\n\t\t\t\t\t\t<div class=\"thim-ekits-course__thumbnail\">\n\t\t\t<a href=\"https:\/\/elhorneromaterialesrojas.com\/escuela\/courses\/revestimientos-calcareos-estilo-uso-cuidado-y-colocacion\/\" \t\t\t   class=\"course-thumbnail\">\n\t\t\t\t<img loading=\"lazy\" decoding=\"async\" width=\"300\" height=\"143\" src=\"https:\/\/elhorneromaterialesrojas.com\/escuela\/wp-content\/uploads\/2025\/11\/Agregar-un-titulo-3-300x143.png\" class=\"attachment-medium size-medium wp-image-19126\" alt=\"\" srcset=\"https:\/\/elhorneromaterialesrojas.com\/escuela\/wp-content\/uploads\/2025\/11\/Agregar-un-titulo-3-300x143.png 300w, https:\/\/elhorneromaterialesrojas.com\/escuela\/wp-content\/uploads\/2025\/11\/Agregar-un-titulo-3-1024x488.png 1024w, https:\/\/elhorneromaterialesrojas.com\/escuela\/wp-content\/uploads\/2025\/11\/Agregar-un-titulo-3-768x366.png 768w, https:\/\/elhorneromaterialesrojas.com\/escuela\/wp-content\/uploads\/2025\/11\/Agregar-un-titulo-3-600x286.png 600w, https:\/\/elhorneromaterialesrojas.com\/escuela\/wp-content\/uploads\/2025\/11\/Agregar-un-titulo-3.png 1050w\" sizes=\"(max-width: 300px) 100vw, 300px\" \/>\t\t\t<\/a>\n\t\t\t\t\t<\/div>\n\t\t\n\t\t\t\t\t\t<div class=\"thim-ekits-course__content\">\n\t\t\t\t<h3 class=\"thim-ekits-course__title\">\n\t\t<a href=\"https:\/\/elhorneromaterialesrojas.com\/escuela\/courses\/revestimientos-calcareos-estilo-uso-cuidado-y-colocacion\/\" ><span class='course-title'>Revestimientos Calc\u00e1reos: estilo, uso, cuidado y colocaci\u00f3n<\/span><\/a>\t\t<\/h3>\n\t\t\t\t<div class=\"thim-ekits-course__excerpt\">\n\t\t\tLos calc\u00e1reos son uno de los revestimientos m\u00e1s antiguos y a la vez m\u00e1s actuales.Aparecen en casas coloniales, en edificios modernos, en restaurantes de dise\u00f1o...\t\t<\/div>\n\t\t\t\t<a class=\"thim-ekits-course__read-more\"\n\t\t   href=\"https:\/\/elhorneromaterialesrojas.com\/escuela\/courses\/revestimientos-calcareos-estilo-uso-cuidado-y-colocacion\/\" >\n\t\t\tLeer m\u00e1s\t\t<\/a>\n\t\t\t\t<\/div>\n\t\t\n\t\t\t\n\t\t<\/div>\n\t\t\t\t<div class=\"thim-ekits-course__item swiper-slide post-19272 lp_course type-lp_course status-publish has-post-thumbnail hentry course\">\n\t\t\t\n\t\t\t\t\t\t<div class=\"thim-ekits-course__thumbnail\">\n\t\t\t<a href=\"https:\/\/elhorneromaterialesrojas.com\/escuela\/courses\/revestimientos-exteriores-tipos-usos-diferencias-aplicacion-y-mantenimiento\/\" \t\t\t   class=\"course-thumbnail\">\n\t\t\t\t<img loading=\"lazy\" decoding=\"async\" width=\"300\" height=\"143\" src=\"https:\/\/elhorneromaterialesrojas.com\/escuela\/wp-content\/uploads\/2025\/11\/Agregar-un-titulo-5-300x143.png\" class=\"attachment-medium size-medium wp-image-19275\" alt=\"\" srcset=\"https:\/\/elhorneromaterialesrojas.com\/escuela\/wp-content\/uploads\/2025\/11\/Agregar-un-titulo-5-300x143.png 300w, https:\/\/elhorneromaterialesrojas.com\/escuela\/wp-content\/uploads\/2025\/11\/Agregar-un-titulo-5-1024x488.png 1024w, https:\/\/elhorneromaterialesrojas.com\/escuela\/wp-content\/uploads\/2025\/11\/Agregar-un-titulo-5-768x366.png 768w, https:\/\/elhorneromaterialesrojas.com\/escuela\/wp-content\/uploads\/2025\/11\/Agregar-un-titulo-5-600x286.png 600w, https:\/\/elhorneromaterialesrojas.com\/escuela\/wp-content\/uploads\/2025\/11\/Agregar-un-titulo-5.png 1050w\" sizes=\"(max-width: 300px) 100vw, 300px\" \/>\t\t\t<\/a>\n\t\t\t\t\t<\/div>\n\t\t\n\t\t\t\t\t\t<div class=\"thim-ekits-course__content\">\n\t\t\t\t<h3 class=\"thim-ekits-course__title\">\n\t\t<a href=\"https:\/\/elhorneromaterialesrojas.com\/escuela\/courses\/revestimientos-exteriores-tipos-usos-diferencias-aplicacion-y-mantenimiento\/\" ><span class='course-title'>Revestimientos Exteriores: tipos, usos, diferencias, aplicaci\u00f3n y mantenimiento<\/span><\/a>\t\t<\/h3>\n\t\t\t\t<div class=\"thim-ekits-course__excerpt\">\n\t\t\tLos revestimientos exteriores son uno de los sistemas m\u00e1s importantes para proteger, embellecer y mantener una casa en buenas condiciones.A diferencia de la pintura com\u00fan,...\t\t<\/div>\n\t\t\t\t<a class=\"thim-ekits-course__read-more\"\n\t\t   href=\"https:\/\/elhorneromaterialesrojas.com\/escuela\/courses\/revestimientos-exteriores-tipos-usos-diferencias-aplicacion-y-mantenimiento\/\" >\n\t\t\tLeer m\u00e1s\t\t<\/a>\n\t\t\t\t<\/div>\n\t\t\n\t\t\t\n\t\t<\/div>\n\t\t\t\t<div class=\"thim-ekits-course__item swiper-slide post-19444 lp_course type-lp_course status-publish has-post-thumbnail hentry course\">\n\t\t\t\n\t\t\t\t\t\t<div class=\"thim-ekits-course__thumbnail\">\n\t\t\t<a href=\"https:\/\/elhorneromaterialesrojas.com\/escuela\/courses\/soluciones-creativas-para-renovar-sin-obra\/\" \t\t\t   class=\"course-thumbnail\">\n\t\t\t\t<img loading=\"lazy\" decoding=\"async\" width=\"300\" height=\"143\" src=\"https:\/\/elhorneromaterialesrojas.com\/escuela\/wp-content\/uploads\/2025\/11\/Agregar-un-titulo-6-300x143.png\" class=\"attachment-medium size-medium wp-image-19446\" alt=\"\" srcset=\"https:\/\/elhorneromaterialesrojas.com\/escuela\/wp-content\/uploads\/2025\/11\/Agregar-un-titulo-6-300x143.png 300w, https:\/\/elhorneromaterialesrojas.com\/escuela\/wp-content\/uploads\/2025\/11\/Agregar-un-titulo-6-1024x488.png 1024w, https:\/\/elhorneromaterialesrojas.com\/escuela\/wp-content\/uploads\/2025\/11\/Agregar-un-titulo-6-768x366.png 768w, https:\/\/elhorneromaterialesrojas.com\/escuela\/wp-content\/uploads\/2025\/11\/Agregar-un-titulo-6-600x286.png 600w, https:\/\/elhorneromaterialesrojas.com\/escuela\/wp-content\/uploads\/2025\/11\/Agregar-un-titulo-6.png 1050w\" sizes=\"(max-width: 300px) 100vw, 300px\" \/>\t\t\t<\/a>\n\t\t\t\t\t<\/div>\n\t\t\n\t\t\t\t\t\t<div class=\"thim-ekits-course__content\">\n\t\t\t\t<h3 class=\"thim-ekits-course__title\">\n\t\t<a href=\"https:\/\/elhorneromaterialesrojas.com\/escuela\/courses\/soluciones-creativas-para-renovar-sin-obra\/\" ><span class='course-title'>Soluciones creativas para renovar sin obra<\/span><\/a>\t\t<\/h3>\n\t\t\t\t<div class=\"thim-ekits-course__excerpt\">\n\t\t\tRenovar sin obra es hoy una de las formas m\u00e1s r\u00e1pidas, limpias y econ\u00f3micas de transformar una casa.No requiere romper, no levanta polvo, no genera...\t\t<\/div>\n\t\t\t\t<a class=\"thim-ekits-course__read-more\"\n\t\t   href=\"https:\/\/elhorneromaterialesrojas.com\/escuela\/courses\/soluciones-creativas-para-renovar-sin-obra\/\" >\n\t\t\tLeer m\u00e1s\t\t<\/a>\n\t\t\t\t<\/div>\n\t\t\n\t\t\t\n\t\t<\/div>\n\t\t\t\t\t\t\t<\/div>\n\t\t\t\t<\/div>\n\t\t\t\t\t\t\t\t<\/div>\n\t\t\t\t<\/div>\n\t\t\t\t\t<\/div>\n\t\t<\/div>\n\t\t\t\t\t<\/div>\n\t\t<\/section>\n\t\t<div class=\"elementor-element elementor-element-e4f4f53 e-flex e-con-boxed e-con e-parent\" data-id=\"e4f4f53\" data-element_type=\"container\" data-settings=\"{&quot;background_background&quot;:&quot;classic&quot;}\">\n\t\t\t\t\t<div class=\"e-con-inner\">\n\t\t\t\t<div class=\"elementor-element elementor-element-b57fbbc elementor-widget elementor-widget-thim-ekits-site-logo\" data-id=\"b57fbbc\" data-element_type=\"widget\" data-widget_type=\"thim-ekits-site-logo.default\">\n\t\t\t\t<div class=\"elementor-widget-container\">\n\t\t\t\t\t\n\t\t<div class=\"thim-ekit-site-logo\">\n\t\t\t\t\t\t\t<a href=\"https:\/\/elhorneromaterialesrojas.com\/escuela\/\" rel=\"home\">\n\t\t\t\t\t<img loading=\"lazy\" decoding=\"async\" width=\"300\" height=\"101\" src=\"https:\/\/elhorneromaterialesrojas.com\/escuela\/wp-content\/uploads\/2025\/11\/cropped-Logo-Dark-El-Hornero-1-300x101.png\" class=\"attachment-medium size-medium wp-image-22\" alt=\"\" srcset=\"https:\/\/elhorneromaterialesrojas.com\/escuela\/wp-content\/uploads\/2025\/11\/cropped-Logo-Dark-El-Hornero-1-300x101.png 300w, https:\/\/elhorneromaterialesrojas.com\/escuela\/wp-content\/uploads\/2025\/11\/cropped-Logo-Dark-El-Hornero-1-600x201.png 600w, https:\/\/elhorneromaterialesrojas.com\/escuela\/wp-content\/uploads\/2025\/11\/cropped-Logo-Dark-El-Hornero-1-768x257.png 768w, https:\/\/elhorneromaterialesrojas.com\/escuela\/wp-content\/uploads\/2025\/11\/cropped-Logo-Dark-El-Hornero-1-94x31.png 94w, https:\/\/elhorneromaterialesrojas.com\/escuela\/wp-content\/uploads\/2025\/11\/cropped-Logo-Dark-El-Hornero-1.png 1000w\" sizes=\"(max-width: 300px) 100vw, 300px\" \/>\t\t\t\t<\/a>\n\t\t\t\t\t<\/div>\n\n\t\t\t\t\t\t<\/div>\n\t\t\t\t<\/div>\n\t\t\t\t<div class=\"elementor-element elementor-element-9cc258e elementor-widget elementor-widget-text-editor\" data-id=\"9cc258e\" data-element_type=\"widget\" data-widget_type=\"text-editor.default\">\n\t\t\t\t\t\t\t\t\t<div class=\"eh3-logo-sec\"><div class=\"eh3-tag\" style=\"text-align: center;\"><span style=\"color: #004b6a;\">M\u00e1s de 10 a\u00f1os acompa\u00f1ando a nuestros clientes en cada obra.<\/span><\/div><\/div>\t\t\t\t\t\t\t\t<\/div>\n\t\t\t\t\t<\/div>\n\t\t\t\t<\/div>\n\t\t<div class=\"elementor-element elementor-element-95e3270 e-grid e-con-boxed e-con e-parent\" data-id=\"95e3270\" data-element_type=\"container\" data-settings=\"{&quot;background_background&quot;:&quot;classic&quot;}\">\n\t\t\t\t\t<div class=\"e-con-inner\">\n\t\t\t\t<div class=\"elementor-element elementor-element-36478bd elementor-widget elementor-widget-text-editor\" data-id=\"36478bd\" data-element_type=\"widget\" data-widget_type=\"text-editor.default\">\n\t\t\t\t\t\t\t\t\t<h3 class=\"eh3-title\" style=\"text-align: center;\"><span style=\"color: #ffde59;\">Horarios de atenci\u00f3n<\/span><\/h3><div class=\"eh3-text\" style=\"text-align: center;\">Lun &#8211; Vie 7:30 a 16:00 hs \u00b7 S\u00e1b 8:00 a 12:30 hs<\/div>\t\t\t\t\t\t\t\t<\/div>\n\t\t\t\t<div class=\"elementor-element elementor-element-592f97a elementor-widget elementor-widget-text-editor\" data-id=\"592f97a\" data-element_type=\"widget\" data-widget_type=\"text-editor.default\">\n\t\t\t\t\t\t\t\t\t<h3 class=\"eh3-title\" style=\"text-align: center;\"><span style=\"color: #ffde59;\">Nuestra sucursal<\/span><\/h3><div class=\"eh3-text\"><a class=\"eh3-link\" href=\"https:\/\/maps.app.goo.gl\/8xybf1Dhau6z9Wos6\" target=\"_blank\" rel=\"noopener\">Av. M. Moreno <span style=\"color: #004b6a;\">760,<\/span> Rojas, Provincia de Buenos Aires<\/a><\/div>\t\t\t\t\t\t\t\t<\/div>\n\t\t\t\t<div class=\"elementor-element elementor-element-7ba5a35 elementor-widget elementor-widget-text-editor\" data-id=\"7ba5a35\" data-element_type=\"widget\" data-widget_type=\"text-editor.default\">\n\t\t\t\t\t\t\t\t\t<h3 class=\"eh3-title\" style=\"text-align: center;\"><span style=\"color: #ffde59;\">Contacto<\/span><\/h3><p style=\"text-align: center;\"><a href=\"https:\/\/api.whatsapp.com\/send\/?phone=542474477921&amp;text&amp;type=phone_number&amp;app_absent=0\">2474 47-7921<\/a><\/p>\t\t\t\t\t\t\t\t<\/div>\n\t\t\t\t\t<\/div>\n\t\t\t\t<\/div>\n\t\t\t\t<\/div>\n\t\t","protected":false},"excerpt":{"rendered":"<p>Academia El Hornero Cursos pr\u00e1cticos para construir mejor Ver Cursos Disponibles NUESTROS CURSOS Revestimientos: Gu\u00eda General para Empezar Bienvenido\/a a Hornero Academy, la escuela donde vas a aprender, de forma simple y pr\u00e1ctica, todo lo que necesit\u00e1s saber antes de &hellip; <\/p>\n","protected":false},"author":1,"featured_media":0,"parent":0,"menu_order":0,"comment_status":"closed","ping_status":"closed","template":"elementor_header_footer","meta":{"footnotes":""},"class_list":["post-15392","page","type-page","status-publish","hentry"],"_links":{"self":[{"href":"https:\/\/elhorneromaterialesrojas.com\/escuela\/wp-json\/wp\/v2\/pages\/15392","targetHints":{"allow":["GET"]}}],"collection":[{"href":"https:\/\/elhorneromaterialesrojas.com\/escuela\/wp-json\/wp\/v2\/pages"}],"about":[{"href":"https:\/\/elhorneromaterialesrojas.com\/escuela\/wp-json\/wp\/v2\/types\/page"}],"author":[{"embeddable":true,"href":"https:\/\/elhorneromaterialesrojas.com\/escuela\/wp-json\/wp\/v2\/users\/1"}],"replies":[{"embeddable":true,"href":"https:\/\/elhorneromaterialesrojas.com\/escuela\/wp-json\/wp\/v2\/comments?post=15392"}],"version-history":[{"count":12,"href":"https:\/\/elhorneromaterialesrojas.com\/escuela\/wp-json\/wp\/v2\/pages\/15392\/revisions"}],"predecessor-version":[{"id":19587,"href":"https:\/\/elhorneromaterialesrojas.com\/escuela\/wp-json\/wp\/v2\/pages\/15392\/revisions\/19587"}],"wp:attachment":[{"href":"https:\/\/elhorneromaterialesrojas.com\/escuela\/wp-json\/wp\/v2\/media?parent=15392"}],"curies":[{"name":"wp","href":"https:\/\/api.w.org\/{rel}","templated":true}]}}